{"id":81,"date":"2020-09-06T20:02:21","date_gmt":"2020-09-06T18:02:21","guid":{"rendered":"http:\/\/dajmyszanse.org.pl\/?page_id=81"},"modified":"2020-09-06T20:23:51","modified_gmt":"2020-09-06T18:23:51","slug":"o-nas-2","status":"publish","type":"page","link":"https:\/\/dajmyszanse.org.pl\/index.php\/o-nas-2\/","title":{"rendered":"O nas"},"content":{"rendered":"\n<p>Stowarzyszenie &#8222;Dajmy Szans\u0119&#8221; zrzesza ludzi dobrej woli, kt\u00f3rzy poprzez r\u00f3\u017cne formy dzia\u0142a\u0144 chc\u0105 tworzy\u0107 przyjazne warunki rozwoju dzieci i rodzin wymagaj\u0105cych wsparcia w dziedzinie wychowania i opieki nad dzie\u0107mi i m\u0142odzie\u017c\u0105.<\/p>\n\n\n\n<p>Stowarzyszenie prowadzi Dom dla Dzieci i M\u0142odzie\u017cy w Kaczkach \u015arednich.<br><\/p>\n","protected":false},"excerpt":{"rendered":"<p>Stowarzyszenie &#8222;Dajmy Szans\u0119&#8221; zrzesza ludzi dobrej woli, kt\u00f3rzy poprzez r\u00f3\u017cne formy dzia\u0142a\u0144 chc\u0105 tworzy\u0107 przyjazne warunki rozwoju dzieci i rodzin wymagaj\u0105cych wsparcia w dziedzinie wychowania i opieki nad dzie\u0107mi i m\u0142odzie\u017c\u0105. Stowarzyszenie prowadzi Dom dla Dzieci i M\u0142odzie\u017cy w Kaczkach \u015arednich.<\/p>\n","protected":false},"author":1,"featured_media":74,"parent":0,"menu_order":0,"comment_status":"closed","ping_status":"closed","template":"","meta":{"footnotes":""},"class_list":["post-81","page","type-page","status-publish","has-post-thumbnail","hentry"],"_links":{"self":[{"href":"https:\/\/dajmyszanse.org.pl\/index.php\/wp-json\/wp\/v2\/pages\/81","targetHints":{"allow":["GET"]}}],"collection":[{"href":"https:\/\/dajmyszanse.org.pl\/index.php\/wp-json\/wp\/v2\/pages"}],"about":[{"href":"https:\/\/dajmyszanse.org.pl\/index.php\/wp-json\/wp\/v2\/types\/page"}],"author":[{"embeddable":true,"href":"https:\/\/dajmyszanse.org.pl\/index.php\/wp-json\/wp\/v2\/users\/1"}],"replies":[{"embeddable":true,"href":"https:\/\/dajmyszanse.org.pl\/index.php\/wp-json\/wp\/v2\/comments?post=81"}],"version-history":[{"count":1,"href":"https:\/\/dajmyszanse.org.pl\/index.php\/wp-json\/wp\/v2\/pages\/81\/revisions"}],"predecessor-version":[{"id":82,"href":"https:\/\/dajmyszanse.org.pl\/index.php\/wp-json\/wp\/v2\/pages\/81\/revisions\/82"}],"wp:featuredmedia":[{"embeddable":true,"href":"https:\/\/dajmyszanse.org.pl\/index.php\/wp-json\/wp\/v2\/media\/74"}],"wp:attachment":[{"href":"https:\/\/dajmyszanse.org.pl\/index.php\/wp-json\/wp\/v2\/media?parent=81"}],"curies":[{"name":"wp","href":"https:\/\/api.w.org\/{rel}","templated":true}]}}